{"id":29,"date":"2023-09-27T17:00:47","date_gmt":"2023-09-27T15:00:47","guid":{"rendered":"http:\/\/ethik-et-co.alsace\/?page_id=29"},"modified":"2024-04-14T13:49:00","modified_gmt":"2024-04-14T11:49:00","slug":"contact","status":"publish","type":"page","link":"http:\/\/ethik-et-co.alsace\/?page_id=29","title":{"rendered":"Contact"},"content":{"rendered":"<style>\/*! elementor - v3.20.0 - 20-03-2024 *\/\n.elementor-heading-title{padding:0;margin:0;line-height:1}.elementor-widget-heading .elementor-heading-title[class*=elementor-size-]>a{color:inherit;font-size:inherit;line-height:inherit}.elementor-widget-heading .elementor-heading-title.elementor-size-small{font-size:15px}.elementor-widget-heading .elementor-heading-title.elementor-size-medium{font-size:19px}.elementor-widget-heading .elementor-heading-title.elementor-size-large{font-size:29px}.elementor-widget-heading .elementor-heading-title.elementor-size-xl{font-size:39px}.elementor-widget-heading .elementor-heading-title.elementor-size-xxl{font-size:59px}<\/style>\n<h1>CONTACT<\/h1>\n<p>Des <strong>questions<\/strong> ? Une <strong>id\u00e9e<\/strong> ? un <strong>conseil<\/strong>? envie de <strong>creuser un sujet<\/strong> ?<\/p>\n<p>N&rsquo;h\u00e9sitez pas \u00e0 nous <strong>contacter<\/strong>. Nous vous r\u00e9pondrons dans les meilleurs d\u00e9lais.<\/p>\n<style>\/*! elementor - v3.20.0 - 20-03-2024 *\/\n.elementor-widget-image{text-align:center}.elementor-widget-image a{display:inline-block}.elementor-widget-image a img[src$=\".svg\"]{width:48px}.elementor-widget-image img{vertical-align:middle;display:inline-block}<\/style>\n<p>\t\t\t\t\t\t\t\t\t\t<img fetchpriority=\"high\" decoding=\"async\" width=\"1024\" height=\"779\" src=\"http:\/\/ethik-et-co.alsace\/wp-content\/uploads\/2023\/10\/contact-2-e1698321014866-1024x779.png\" alt=\"\" srcset=\"https:\/\/ethik-et-co.alsace\/wp-content\/uploads\/2023\/10\/contact-2-e1698321014866-1024x779.png 1024w, https:\/\/ethik-et-co.alsace\/wp-content\/uploads\/2023\/10\/contact-2-e1698321014866-300x228.png 300w, https:\/\/ethik-et-co.alsace\/wp-content\/uploads\/2023\/10\/contact-2-e1698321014866-768x584.png 768w, https:\/\/ethik-et-co.alsace\/wp-content\/uploads\/2023\/10\/contact-2-e1698321014866-1536x1169.png 1536w, https:\/\/ethik-et-co.alsace\/wp-content\/uploads\/2023\/10\/contact-2-e1698321014866-2048x1558.png 2048w, https:\/\/ethik-et-co.alsace\/wp-content\/uploads\/2023\/10\/contact-2-e1698321014866-394x300.png 394w\" sizes=\"(max-width: 1024px) 100vw, 1024px\" data-has-transparency=\"true\" data-dominant-color=\"d7a631\" style=\"--dominant-color: #d7a631\" \/><br \/>\n\t\t\t<a href=\"http:\/\/ethik-et-co.alsace\/?page_id=30&#038;customize_changeset_uuid=536d2395-fbfe-4d44-8e1d-dfd95dba8cef\"><br \/>\n\t\t\t\t\t\tPrendre un rendez-vous<br \/>\n\t\t\t\t\t<\/a><\/p>\n","protected":false},"excerpt":{"rendered":"<p>CONTACT Des questions ? Une id\u00e9e ? un conseil? envie de creuser un sujet ? N&rsquo;h\u00e9sitez pas \u00e0 nous contacter. Nous vous r\u00e9pondrons dans les &hellip;<\/p>\n","protected":false},"author":1,"featured_media":0,"parent":0,"menu_order":0,"comment_status":"closed","ping_status":"closed","template":"elementor_theme","meta":{"footnotes":""},"class_list":["post-29","page","type-page","status-publish","hentry"],"yoast_head":"<!-- This site is optimized with the Yoast SEO plugin v27.5 - https:\/\/yoast.com\/product\/yoast-seo-wordpress\/ -->\n<title>Contact - \u00c9thik &amp; Co<\/title>\n<meta name=\"robots\" content=\"index, follow, max-snippet:-1, max-image-preview:large, max-video-preview:-1\" \/>\n<link rel=\"canonical\" href=\"http:\/\/ethik-et-co.alsace\/?page_id=29\" \/>\n<meta property=\"og:locale\" content=\"fr_FR\" \/>\n<meta property=\"og:type\" content=\"article\" \/>\n<meta property=\"og:title\" content=\"Contact - \u00c9thik &amp; Co\" \/>\n<meta property=\"og:description\" content=\"CONTACT Des questions ? Une id\u00e9e ? un conseil? envie de creuser un sujet ? N&rsquo;h\u00e9sitez pas \u00e0 nous contacter. Nous vous r\u00e9pondrons dans les &hellip;\" \/>\n<meta property=\"og:url\" content=\"http:\/\/ethik-et-co.alsace\/?page_id=29\" \/>\n<meta property=\"og:site_name\" content=\"\u00c9thik &amp; Co\" \/>\n<meta property=\"article:modified_time\" content=\"2024-04-14T11:49:00+00:00\" \/>\n<meta property=\"og:image\" content=\"http:\/\/ethik-et-co.alsace\/wp-content\/uploads\/2023\/10\/contact-2-e1698321014866-1024x779.png\" \/>\n<meta name=\"twitter:card\" content=\"summary_large_image\" \/>\n<script type=\"application\/ld+json\" class=\"yoast-schema-graph\">{\"@context\":\"https:\\\/\\\/schema.org\",\"@graph\":[{\"@type\":\"WebPage\",\"@id\":\"http:\\\/\\\/ethik-et-co.alsace\\\/?page_id=29\",\"url\":\"http:\\\/\\\/ethik-et-co.alsace\\\/?page_id=29\",\"name\":\"Contact - \u00c9thik &amp; Co\",\"isPartOf\":{\"@id\":\"https:\\\/\\\/ethik-et-co.alsace\\\/#website\"},\"primaryImageOfPage\":{\"@id\":\"http:\\\/\\\/ethik-et-co.alsace\\\/?page_id=29#primaryimage\"},\"image\":{\"@id\":\"http:\\\/\\\/ethik-et-co.alsace\\\/?page_id=29#primaryimage\"},\"thumbnailUrl\":\"http:\\\/\\\/ethik-et-co.alsace\\\/wp-content\\\/uploads\\\/2023\\\/10\\\/contact-2-e1698321014866-1024x779.png\",\"datePublished\":\"2023-09-27T15:00:47+00:00\",\"dateModified\":\"2024-04-14T11:49:00+00:00\",\"breadcrumb\":{\"@id\":\"http:\\\/\\\/ethik-et-co.alsace\\\/?page_id=29#breadcrumb\"},\"inLanguage\":\"fr-FR\",\"potentialAction\":[{\"@type\":\"ReadAction\",\"target\":[\"http:\\\/\\\/ethik-et-co.alsace\\\/?page_id=29\"]}]},{\"@type\":\"ImageObject\",\"inLanguage\":\"fr-FR\",\"@id\":\"http:\\\/\\\/ethik-et-co.alsace\\\/?page_id=29#primaryimage\",\"url\":\"http:\\\/\\\/ethik-et-co.alsace\\\/wp-content\\\/uploads\\\/2023\\\/10\\\/contact-2-e1698321014866.png\",\"contentUrl\":\"http:\\\/\\\/ethik-et-co.alsace\\\/wp-content\\\/uploads\\\/2023\\\/10\\\/contact-2-e1698321014866.png\",\"width\":2304,\"height\":1753},{\"@type\":\"BreadcrumbList\",\"@id\":\"http:\\\/\\\/ethik-et-co.alsace\\\/?page_id=29#breadcrumb\",\"itemListElement\":[{\"@type\":\"ListItem\",\"position\":1,\"name\":\"Accueil\",\"item\":\"https:\\\/\\\/ethik-et-co.alsace\\\/\"},{\"@type\":\"ListItem\",\"position\":2,\"name\":\"Contact\"}]},{\"@type\":\"WebSite\",\"@id\":\"https:\\\/\\\/ethik-et-co.alsace\\\/#website\",\"url\":\"https:\\\/\\\/ethik-et-co.alsace\\\/\",\"name\":\"\u00c9thik & Co\",\"description\":\"\",\"publisher\":{\"@id\":\"https:\\\/\\\/ethik-et-co.alsace\\\/#\\\/schema\\\/person\\\/b17363363e5c6d5b303bdab9404f9ccc\"},\"alternateName\":\"Fr\u00e9d\u00e9ric WOEHREL\",\"potentialAction\":[{\"@type\":\"SearchAction\",\"target\":{\"@type\":\"EntryPoint\",\"urlTemplate\":\"https:\\\/\\\/ethik-et-co.alsace\\\/?s={search_term_string}\"},\"query-input\":{\"@type\":\"PropertyValueSpecification\",\"valueRequired\":true,\"valueName\":\"search_term_string\"}}],\"inLanguage\":\"fr-FR\"},{\"@type\":[\"Person\",\"Organization\"],\"@id\":\"https:\\\/\\\/ethik-et-co.alsace\\\/#\\\/schema\\\/person\\\/b17363363e5c6d5b303bdab9404f9ccc\",\"name\":\"Fr\u00e9d\u00e9ric WOEHREL\",\"image\":{\"@type\":\"ImageObject\",\"inLanguage\":\"fr-FR\",\"@id\":\"http:\\\/\\\/ethik-et-co.alsace\\\/wp-content\\\/uploads\\\/2023\\\/09\\\/cropped-cropped-EC_new_logo4.png\",\"url\":\"http:\\\/\\\/ethik-et-co.alsace\\\/wp-content\\\/uploads\\\/2023\\\/09\\\/cropped-cropped-EC_new_logo4.png\",\"contentUrl\":\"http:\\\/\\\/ethik-et-co.alsace\\\/wp-content\\\/uploads\\\/2023\\\/09\\\/cropped-cropped-EC_new_logo4.png\",\"width\":245,\"height\":250,\"caption\":\"Fr\u00e9d\u00e9ric WOEHREL\"},\"logo\":{\"@id\":\"http:\\\/\\\/ethik-et-co.alsace\\\/wp-content\\\/uploads\\\/2023\\\/09\\\/cropped-cropped-EC_new_logo4.png\"},\"sameAs\":[\"http:\\\/\\\/ethik-et-co.alsace\"]}]}<\/script>\n<!-- \/ Yoast SEO plugin. -->","yoast_head_json":{"title":"Contact - \u00c9thik &amp; Co","robots":{"index":"index","follow":"follow","max-snippet":"max-snippet:-1","max-image-preview":"max-image-preview:large","max-video-preview":"max-video-preview:-1"},"canonical":"http:\/\/ethik-et-co.alsace\/?page_id=29","og_locale":"fr_FR","og_type":"article","og_title":"Contact - \u00c9thik &amp; Co","og_description":"CONTACT Des questions ? Une id\u00e9e ? un conseil? envie de creuser un sujet ? N&rsquo;h\u00e9sitez pas \u00e0 nous contacter. Nous vous r\u00e9pondrons dans les &hellip;","og_url":"http:\/\/ethik-et-co.alsace\/?page_id=29","og_site_name":"\u00c9thik &amp; Co","article_modified_time":"2024-04-14T11:49:00+00:00","og_image":[{"url":"http:\/\/ethik-et-co.alsace\/wp-content\/uploads\/2023\/10\/contact-2-e1698321014866-1024x779.png","type":"","width":"","height":""}],"twitter_card":"summary_large_image","schema":{"@context":"https:\/\/schema.org","@graph":[{"@type":"WebPage","@id":"http:\/\/ethik-et-co.alsace\/?page_id=29","url":"http:\/\/ethik-et-co.alsace\/?page_id=29","name":"Contact - \u00c9thik &amp; Co","isPartOf":{"@id":"https:\/\/ethik-et-co.alsace\/#website"},"primaryImageOfPage":{"@id":"http:\/\/ethik-et-co.alsace\/?page_id=29#primaryimage"},"image":{"@id":"http:\/\/ethik-et-co.alsace\/?page_id=29#primaryimage"},"thumbnailUrl":"http:\/\/ethik-et-co.alsace\/wp-content\/uploads\/2023\/10\/contact-2-e1698321014866-1024x779.png","datePublished":"2023-09-27T15:00:47+00:00","dateModified":"2024-04-14T11:49:00+00:00","breadcrumb":{"@id":"http:\/\/ethik-et-co.alsace\/?page_id=29#breadcrumb"},"inLanguage":"fr-FR","potentialAction":[{"@type":"ReadAction","target":["http:\/\/ethik-et-co.alsace\/?page_id=29"]}]},{"@type":"ImageObject","inLanguage":"fr-FR","@id":"http:\/\/ethik-et-co.alsace\/?page_id=29#primaryimage","url":"http:\/\/ethik-et-co.alsace\/wp-content\/uploads\/2023\/10\/contact-2-e1698321014866.png","contentUrl":"http:\/\/ethik-et-co.alsace\/wp-content\/uploads\/2023\/10\/contact-2-e1698321014866.png","width":2304,"height":1753},{"@type":"BreadcrumbList","@id":"http:\/\/ethik-et-co.alsace\/?page_id=29#breadcrumb","itemListElement":[{"@type":"ListItem","position":1,"name":"Accueil","item":"https:\/\/ethik-et-co.alsace\/"},{"@type":"ListItem","position":2,"name":"Contact"}]},{"@type":"WebSite","@id":"https:\/\/ethik-et-co.alsace\/#website","url":"https:\/\/ethik-et-co.alsace\/","name":"\u00c9thik & Co","description":"","publisher":{"@id":"https:\/\/ethik-et-co.alsace\/#\/schema\/person\/b17363363e5c6d5b303bdab9404f9ccc"},"alternateName":"Fr\u00e9d\u00e9ric WOEHREL","potentialAction":[{"@type":"SearchAction","target":{"@type":"EntryPoint","urlTemplate":"https:\/\/ethik-et-co.alsace\/?s={search_term_string}"},"query-input":{"@type":"PropertyValueSpecification","valueRequired":true,"valueName":"search_term_string"}}],"inLanguage":"fr-FR"},{"@type":["Person","Organization"],"@id":"https:\/\/ethik-et-co.alsace\/#\/schema\/person\/b17363363e5c6d5b303bdab9404f9ccc","name":"Fr\u00e9d\u00e9ric WOEHREL","image":{"@type":"ImageObject","inLanguage":"fr-FR","@id":"http:\/\/ethik-et-co.alsace\/wp-content\/uploads\/2023\/09\/cropped-cropped-EC_new_logo4.png","url":"http:\/\/ethik-et-co.alsace\/wp-content\/uploads\/2023\/09\/cropped-cropped-EC_new_logo4.png","contentUrl":"http:\/\/ethik-et-co.alsace\/wp-content\/uploads\/2023\/09\/cropped-cropped-EC_new_logo4.png","width":245,"height":250,"caption":"Fr\u00e9d\u00e9ric WOEHREL"},"logo":{"@id":"http:\/\/ethik-et-co.alsace\/wp-content\/uploads\/2023\/09\/cropped-cropped-EC_new_logo4.png"},"sameAs":["http:\/\/ethik-et-co.alsace"]}]}},"_links":{"self":[{"href":"http:\/\/ethik-et-co.alsace\/index.php?rest_route=\/wp\/v2\/pages\/29","targetHints":{"allow":["GET"]}}],"collection":[{"href":"http:\/\/ethik-et-co.alsace\/index.php?rest_route=\/wp\/v2\/pages"}],"about":[{"href":"http:\/\/ethik-et-co.alsace\/index.php?rest_route=\/wp\/v2\/types\/page"}],"author":[{"embeddable":true,"href":"http:\/\/ethik-et-co.alsace\/index.php?rest_route=\/wp\/v2\/users\/1"}],"replies":[{"embeddable":true,"href":"http:\/\/ethik-et-co.alsace\/index.php?rest_route=%2Fwp%2Fv2%2Fcomments&post=29"}],"version-history":[{"count":85,"href":"http:\/\/ethik-et-co.alsace\/index.php?rest_route=\/wp\/v2\/pages\/29\/revisions"}],"predecessor-version":[{"id":596,"href":"http:\/\/ethik-et-co.alsace\/index.php?rest_route=\/wp\/v2\/pages\/29\/revisions\/596"}],"wp:attachment":[{"href":"http:\/\/ethik-et-co.alsace\/index.php?rest_route=%2Fwp%2Fv2%2Fmedia&parent=29"}],"curies":[{"name":"wp","href":"https:\/\/api.w.org\/{rel}","templated":true}]}}