{"id":26,"date":"2023-09-27T17:00:47","date_gmt":"2023-09-27T15:00:47","guid":{"rendered":"http:\/\/ethik-et-co.alsace\/?page_id=26"},"modified":"2024-12-23T16:41:44","modified_gmt":"2024-12-23T15:41:44","slug":"ethik-co","status":"publish","type":"page","link":"https:\/\/ethik-et-co.alsace\/?page_id=26","title":{"rendered":"Mes valeurs"},"content":{"rendered":"<a href=\"https:\/\/ethik-et-co.alsace\/\">\n\t\t\t\t\t\t\t<img fetchpriority=\"high\" decoding=\"async\" width=\"245\" height=\"250\" src=\"http:\/\/ethik-et-co.alsace\/wp-content\/uploads\/2023\/09\/cropped-cropped-EC_new_logo4.png\" alt=\"\" \/>\t\t\t\t\t\t\t\t<\/a>\n\t\t<p><!-- \/wp:post-content --><!-- wp:paragraph --><\/p><p>Pour moi, la question de l\u2019Ethique est pos\u00e9e comme un fondement\u2026\u00a0c\u2019est la question de la r\u00e9flexion en mouvement permanent sur ce qui fait sens pour le bien et le progr\u00e8s de l\u2019humanit\u00e9.<\/p><p>Avec ce pr\u00e9requis, l\u2019&amp; (esperluette) ouvre les champs du possible\u2026 quelle que soit votre id\u00e9e ou votre projet, tout m\u00e9rite d\u2019\u00eatre engag\u00e9\u2026 tout n\u00e9cessite d\u2019\u00eatre entrepris si cela r\u00e9pond \u00e0 la premi\u00e8re condition.<br \/>Le suffixe Co, repr\u00e9sente le tiers. Celui qui, apr\u00e8s vous et votre id\u00e9e, peut contribuer \u00e0 rendre les choses concr\u00e8tes\u2026 le Conseiller, le Consultant, le Collaborateur, \u2026 appelez le comme vous voulez\u2026 mais appeler moi !<\/p><p><!-- \/wp:paragraph --><!-- wp:paragraph --><\/p><p><!-- \/wp:paragraph --><\/p>\t\t\n\t\t\t\t\t\t\t\t\t\t\t\t\t\t\t\t<a href=\"#valeurs\">\n\t\t\t\t\t\t\t<img decoding=\"async\" width=\"845\" height=\"1024\" src=\"http:\/\/ethik-et-co.alsace\/wp-content\/uploads\/2024\/01\/valeurs-3-e1704181287555-845x1024.png\" alt=\"\" srcset=\"https:\/\/ethik-et-co.alsace\/wp-content\/uploads\/2024\/01\/valeurs-3-e1704181287555-845x1024.png 845w, https:\/\/ethik-et-co.alsace\/wp-content\/uploads\/2024\/01\/valeurs-3-e1704181287555-248x300.png 248w, https:\/\/ethik-et-co.alsace\/wp-content\/uploads\/2024\/01\/valeurs-3-e1704181287555-768x931.png 768w, https:\/\/ethik-et-co.alsace\/wp-content\/uploads\/2024\/01\/valeurs-3-e1704181287555-1267x1536.png 1267w, https:\/\/ethik-et-co.alsace\/wp-content\/uploads\/2024\/01\/valeurs-3-e1704181287555.png 1600w\" sizes=\"(max-width: 845px) 100vw, 845px\" \/>\t\t\t\t\t\t\t\t<\/a>\n\t\t\t\t\t\t\t\t\t\t\t\t\t\t\t\t<a href=\"#dvp_durable\">\n\t\t\t\t\t\t\t<img decoding=\"async\" width=\"845\" height=\"1024\" src=\"http:\/\/ethik-et-co.alsace\/wp-content\/uploads\/2024\/01\/dvp-3-e1704181413832-845x1024.png\" alt=\"\" srcset=\"https:\/\/ethik-et-co.alsace\/wp-content\/uploads\/2024\/01\/dvp-3-e1704181413832-845x1024.png 845w, https:\/\/ethik-et-co.alsace\/wp-content\/uploads\/2024\/01\/dvp-3-e1704181413832-248x300.png 248w, https:\/\/ethik-et-co.alsace\/wp-content\/uploads\/2024\/01\/dvp-3-e1704181413832-768x931.png 768w, https:\/\/ethik-et-co.alsace\/wp-content\/uploads\/2024\/01\/dvp-3-e1704181413832-1267x1536.png 1267w, https:\/\/ethik-et-co.alsace\/wp-content\/uploads\/2024\/01\/dvp-3-e1704181413832.png 1600w\" sizes=\"(max-width: 845px) 100vw, 845px\" \/>\t\t\t\t\t\t\t\t<\/a>\n\t\t\t\t\t\t\t\t\t\t\t\t\t\t\t\t<a href=\"#qualite\">\n\t\t\t\t\t\t\t<img loading=\"lazy\" decoding=\"async\" width=\"842\" height=\"1024\" src=\"http:\/\/ethik-et-co.alsace\/wp-content\/uploads\/2024\/01\/qualite-3-e1704181498442-842x1024.png\" alt=\"\" srcset=\"https:\/\/ethik-et-co.alsace\/wp-content\/uploads\/2024\/01\/qualite-3-e1704181498442-842x1024.png 842w, https:\/\/ethik-et-co.alsace\/wp-content\/uploads\/2024\/01\/qualite-3-e1704181498442-247x300.png 247w, https:\/\/ethik-et-co.alsace\/wp-content\/uploads\/2024\/01\/qualite-3-e1704181498442-768x934.png 768w, https:\/\/ethik-et-co.alsace\/wp-content\/uploads\/2024\/01\/qualite-3-e1704181498442-1264x1536.png 1264w, https:\/\/ethik-et-co.alsace\/wp-content\/uploads\/2024\/01\/qualite-3-e1704181498442.png 1600w\" sizes=\"(max-width: 842px) 100vw, 842px\" \/>\t\t\t\t\t\t\t\t<\/a>\n\t\t\t\t\t<h1>NOS VALEURS<\/h1>\t\t\t\t\n\t\t\t\t\t<h1><b>L\u2019alpha et l\u2019om\u00e9ga est dans la \u00ab vraie vie \u00bb<\/b><br style=\"font-size: 16px;font-weight: 400;text-align: center\">Toute d\u00e9marche est futile, si elle ne tire pas son essence et qu\u2019elle n\u2019enrichit pas la vie des personnes. Les analyses de donn\u00e9es ne sont valables que si elles ont \u00e9t\u00e9 confront\u00e9es \u00e0 l\u2019expression du v\u00e9cu r\u00e9el de toutes les parties prenantes.<br style=\"font-size: 16px;font-weight: 400;text-align: center\">Aussi, dans notre d\u00e9marche, l\u2019humain est transversal \u00e0 toutes les r\u00e9flexions et \u00e0 tous les projets, tant du point de vue du <b>sujet d\u2019\u00e9tude <\/b>(priorit\u00e9 aux remont\u00e9es des perceptions par rapport aux concepts import\u00e9s), <b>des r\u00e9flexions<\/b> (m\u00e9thode collaborative, prise en compte des parties prenante\u2026) <b>et des actions mises en \u0153uvre<\/b> (proximit\u00e9, pragmatisme, recherche de perception d\u2019impact etc.<\/h1>\t\t\t\t\n\t\t\t\t\t\t\t\t\t\t\t\t\t\t\t<img loading=\"lazy\" decoding=\"async\" width=\"1024\" height=\"439\" src=\"http:\/\/ethik-et-co.alsace\/wp-content\/uploads\/2023\/10\/valeurs-e1698056943773-1024x439.png\" alt=\"\" srcset=\"https:\/\/ethik-et-co.alsace\/wp-content\/uploads\/2023\/10\/valeurs-e1698056943773-1024x439.png 1024w, https:\/\/ethik-et-co.alsace\/wp-content\/uploads\/2023\/10\/valeurs-e1698056943773-300x129.png 300w, https:\/\/ethik-et-co.alsace\/wp-content\/uploads\/2023\/10\/valeurs-e1698056943773-768x330.png 768w, https:\/\/ethik-et-co.alsace\/wp-content\/uploads\/2023\/10\/valeurs-e1698056943773-1536x659.png 1536w, https:\/\/ethik-et-co.alsace\/wp-content\/uploads\/2023\/10\/valeurs-e1698056943773-2048x879.png 2048w, https:\/\/ethik-et-co.alsace\/wp-content\/uploads\/2023\/10\/valeurs-e1698056943773-583x250.png 583w\" sizes=\"(max-width: 1024px) 100vw, 1024px\" \/>\t\t\t\t\t\t\t\t\t\t\t\t\t\t\t\n\t\t\t\t\t<h1>D\u00c9VELOPPEMENT DURABLE<\/h1>\t\t\t\t\n\t\t\t\t\t\t\t\t\t\t\t\t\t\t\t<img loading=\"lazy\" decoding=\"async\" width=\"880\" height=\"1024\" src=\"http:\/\/ethik-et-co.alsace\/wp-content\/uploads\/2023\/12\/durable-880x1024.png\" alt=\"\" srcset=\"https:\/\/ethik-et-co.alsace\/wp-content\/uploads\/2023\/12\/durable-880x1024.png 880w, https:\/\/ethik-et-co.alsace\/wp-content\/uploads\/2023\/12\/durable-258x300.png 258w, https:\/\/ethik-et-co.alsace\/wp-content\/uploads\/2023\/12\/durable-768x894.png 768w, https:\/\/ethik-et-co.alsace\/wp-content\/uploads\/2023\/12\/durable-1320x1536.png 1320w, https:\/\/ethik-et-co.alsace\/wp-content\/uploads\/2023\/12\/durable.png 1392w\" sizes=\"(max-width: 880px) 100vw, 880px\" \/>\t\t\t\t\t\t\t\t\t\t\t\t\t\t\t\n\t\t\t\t\t<h1>Dans une soci\u00e9t\u00e9 de l\u2019imm\u00e9diatet\u00e9 et de la recherche<br>&nbsp;de retour sur investissement rapide qui guide les <b>r\u00e9flexions strat\u00e9giques<\/b>, nous ne pouvons plus nous payer le luxe de r\u00e9fl\u00e9chir \u00e0 court terme dans la seule perspective de satisfactions imm\u00e9diates\u2026 Nous pensons, au contraire, qu\u2019il faut produire l\u2019effort de la r\u00e9flexion \u00e0 vis\u00e9e plus&nbsp;<b>durabl<\/b><b>e<\/b> et gardons la conviction qu\u2019il y a une satisfaction plus grande \u00e0 en tirer.<br style=\"font-size: 16px;font-weight: 400;text-align: center\">Pour cette raison, nous prenons en compte, dans notre approche, les trois volets du d\u00e9veloppement durable <b>(\u00e9cologie, social et \u00e9conomie)<\/b>, tant dans les r\u00e9flexions port\u00e9es que dans le fonctionnement du cabinet.<\/h1>\t\t\t\t\n\t\t\t\t\t<h1>OP\u00c9RATIONNALIT\u00c9, ENGAGEMENT ET QUALIT\u00c9<\/h1>\t\t\t\t\n\t\t\t\t\t<h1>D\u2019une approche engag\u00e9e, s\u00e9rieuse et pragmatique,<br>&nbsp;notre volont\u00e9 est d\u2019accompagner nos clients, et ad\u00e9quation avec leurs besoins, vers des r\u00e9sultats tangibles et factuels :<br style=\"font-size: 16px;font-weight: 400;text-align: center\">\u2022 Un travail tourn\u00e9 <b>vers<\/b> <b>l\u2019op\u00e9rationnel, le concret<\/b><br style=\"font-size: 16px;font-weight: 400;text-align: center\">\u2022 Un <b>engagement dans les travaux confi\u00e9s<\/b><br style=\"font-size: 16px;font-weight: 400;text-align: center\">\u2022 Le souci d\u2019une <b>production de qualit\u00e9 r\u00e9pondant aux attentes du client<\/b><\/h1>\t\t\t\t\n\t\t\t\t\t\t\t\t\t\t\t\t\t\t\t<img loading=\"lazy\" decoding=\"async\" width=\"1024\" height=\"885\" src=\"http:\/\/ethik-et-co.alsace\/wp-content\/uploads\/2023\/10\/qualite-1-e1698300748390-1024x885.png\" alt=\"\" srcset=\"https:\/\/ethik-et-co.alsace\/wp-content\/uploads\/2023\/10\/qualite-1-e1698300748390-1024x885.png 1024w, https:\/\/ethik-et-co.alsace\/wp-content\/uploads\/2023\/10\/qualite-1-e1698300748390-300x259.png 300w, https:\/\/ethik-et-co.alsace\/wp-content\/uploads\/2023\/10\/qualite-1-e1698300748390-768x664.png 768w, https:\/\/ethik-et-co.alsace\/wp-content\/uploads\/2023\/10\/qualite-1-e1698300748390-1536x1328.png 1536w, https:\/\/ethik-et-co.alsace\/wp-content\/uploads\/2023\/10\/qualite-1-e1698300748390-347x300.png 347w, https:\/\/ethik-et-co.alsace\/wp-content\/uploads\/2023\/10\/qualite-1-e1698300748390.png 1740w\" sizes=\"(max-width: 1024px) 100vw, 1024px\" \/>\t\t\t\t\t\t\t\t\t\t\t\t\t\t\t\n\t\t\t\t\t<a href=\"https:\/\/ethik-et-co.alsace\/?page_id=30\">\n\t\t\t\t\t\t\t\t\tPrendre rendez-vous\n\t\t\t\t\t<\/a>","protected":false},"excerpt":{"rendered":"<p>Pour moi, la question de l\u2019Ethique est pos\u00e9e comme un fondement\u2026\u00a0c\u2019est la question de la r\u00e9flexion en mouvement permanent sur ce qui fait sens pour &hellip;<\/p>\n","protected":false},"author":1,"featured_media":0,"parent":0,"menu_order":0,"comment_status":"closed","ping_status":"closed","template":"","meta":{"footnotes":""},"class_list":["post-26","page","type-page","status-publish","hentry"],"yoast_head":"<!-- This site is optimized with the Yoast SEO plugin v27.4 - https:\/\/yoast.com\/product\/yoast-seo-wordpress\/ -->\n<title>Mes valeurs - \u00c9thik &amp; Co<\/title>\n<meta name=\"description\" content=\"Ethik &amp; Co est un entreprise remplie de valeurs. Venez en apprendre plus sur nous afin de comprendre au mieux notre m\u00e9thode de travail !\" \/>\n<meta name=\"robots\" content=\"index, follow, max-snippet:-1, max-image-preview:large, max-video-preview:-1\" \/>\n<link rel=\"canonical\" href=\"https:\/\/ethik-et-co.alsace\/?page_id=26\" \/>\n<meta property=\"og:locale\" content=\"fr_FR\" \/>\n<meta property=\"og:type\" content=\"article\" \/>\n<meta property=\"og:title\" content=\"Mes valeurs - \u00c9thik &amp; Co\" \/>\n<meta property=\"og:description\" content=\"Ethik &amp; Co est un entreprise remplie de valeurs. Venez en apprendre plus sur nous afin de comprendre au mieux notre m\u00e9thode de travail !\" \/>\n<meta property=\"og:url\" content=\"https:\/\/ethik-et-co.alsace\/?page_id=26\" \/>\n<meta property=\"og:site_name\" content=\"\u00c9thik &amp; Co\" \/>\n<meta property=\"article:modified_time\" content=\"2024-12-23T15:41:44+00:00\" \/>\n<meta property=\"og:image\" content=\"http:\/\/ethik-et-co.alsace\/wp-content\/uploads\/2023\/09\/cropped-cropped-EC_new_logo4.png\" \/>\n<meta name=\"twitter:card\" content=\"summary_large_image\" \/>\n<meta name=\"twitter:label1\" content=\"Dur\u00e9e de lecture estim\u00e9e\" \/>\n\t<meta name=\"twitter:data1\" content=\"4 minutes\" \/>\n<script type=\"application\/ld+json\" class=\"yoast-schema-graph\">{\"@context\":\"https:\\\/\\\/schema.org\",\"@graph\":[{\"@type\":\"WebPage\",\"@id\":\"https:\\\/\\\/ethik-et-co.alsace\\\/?page_id=26\",\"url\":\"https:\\\/\\\/ethik-et-co.alsace\\\/?page_id=26\",\"name\":\"Mes valeurs - \u00c9thik &amp; Co\",\"isPartOf\":{\"@id\":\"https:\\\/\\\/ethik-et-co.alsace\\\/#website\"},\"primaryImageOfPage\":{\"@id\":\"https:\\\/\\\/ethik-et-co.alsace\\\/?page_id=26#primaryimage\"},\"image\":{\"@id\":\"https:\\\/\\\/ethik-et-co.alsace\\\/?page_id=26#primaryimage\"},\"thumbnailUrl\":\"http:\\\/\\\/ethik-et-co.alsace\\\/wp-content\\\/uploads\\\/2023\\\/09\\\/cropped-cropped-EC_new_logo4.png\",\"datePublished\":\"2023-09-27T15:00:47+00:00\",\"dateModified\":\"2024-12-23T15:41:44+00:00\",\"description\":\"Ethik & Co est un entreprise remplie de valeurs. Venez en apprendre plus sur nous afin de comprendre au mieux notre m\u00e9thode de travail !\",\"breadcrumb\":{\"@id\":\"https:\\\/\\\/ethik-et-co.alsace\\\/?page_id=26#breadcrumb\"},\"inLanguage\":\"fr-FR\",\"potentialAction\":[{\"@type\":\"ReadAction\",\"target\":[\"https:\\\/\\\/ethik-et-co.alsace\\\/?page_id=26\"]}]},{\"@type\":\"ImageObject\",\"inLanguage\":\"fr-FR\",\"@id\":\"https:\\\/\\\/ethik-et-co.alsace\\\/?page_id=26#primaryimage\",\"url\":\"http:\\\/\\\/ethik-et-co.alsace\\\/wp-content\\\/uploads\\\/2023\\\/09\\\/cropped-cropped-EC_new_logo4.png\",\"contentUrl\":\"http:\\\/\\\/ethik-et-co.alsace\\\/wp-content\\\/uploads\\\/2023\\\/09\\\/cropped-cropped-EC_new_logo4.png\"},{\"@type\":\"BreadcrumbList\",\"@id\":\"https:\\\/\\\/ethik-et-co.alsace\\\/?page_id=26#breadcrumb\",\"itemListElement\":[{\"@type\":\"ListItem\",\"position\":1,\"name\":\"Accueil\",\"item\":\"https:\\\/\\\/ethik-et-co.alsace\\\/\"},{\"@type\":\"ListItem\",\"position\":2,\"name\":\"Mes valeurs\"}]},{\"@type\":\"WebSite\",\"@id\":\"https:\\\/\\\/ethik-et-co.alsace\\\/#website\",\"url\":\"https:\\\/\\\/ethik-et-co.alsace\\\/\",\"name\":\"\u00c9thik & Co\",\"description\":\"\",\"publisher\":{\"@id\":\"https:\\\/\\\/ethik-et-co.alsace\\\/#\\\/schema\\\/person\\\/b17363363e5c6d5b303bdab9404f9ccc\"},\"alternateName\":\"Fr\u00e9d\u00e9ric WOEHREL\",\"potentialAction\":[{\"@type\":\"SearchAction\",\"target\":{\"@type\":\"EntryPoint\",\"urlTemplate\":\"https:\\\/\\\/ethik-et-co.alsace\\\/?s={search_term_string}\"},\"query-input\":{\"@type\":\"PropertyValueSpecification\",\"valueRequired\":true,\"valueName\":\"search_term_string\"}}],\"inLanguage\":\"fr-FR\"},{\"@type\":[\"Person\",\"Organization\"],\"@id\":\"https:\\\/\\\/ethik-et-co.alsace\\\/#\\\/schema\\\/person\\\/b17363363e5c6d5b303bdab9404f9ccc\",\"name\":\"Fr\u00e9d\u00e9ric WOEHREL\",\"image\":{\"@type\":\"ImageObject\",\"inLanguage\":\"fr-FR\",\"@id\":\"https:\\\/\\\/ethik-et-co.alsace\\\/wp-content\\\/uploads\\\/2023\\\/09\\\/cropped-cropped-EC_new_logo4.png\",\"url\":\"https:\\\/\\\/ethik-et-co.alsace\\\/wp-content\\\/uploads\\\/2023\\\/09\\\/cropped-cropped-EC_new_logo4.png\",\"contentUrl\":\"https:\\\/\\\/ethik-et-co.alsace\\\/wp-content\\\/uploads\\\/2023\\\/09\\\/cropped-cropped-EC_new_logo4.png\",\"width\":245,\"height\":250,\"caption\":\"Fr\u00e9d\u00e9ric WOEHREL\"},\"logo\":{\"@id\":\"https:\\\/\\\/ethik-et-co.alsace\\\/wp-content\\\/uploads\\\/2023\\\/09\\\/cropped-cropped-EC_new_logo4.png\"},\"sameAs\":[\"http:\\\/\\\/ethik-et-co.alsace\"]}]}<\/script>\n<!-- \/ Yoast SEO plugin. -->","yoast_head_json":{"title":"Mes valeurs - \u00c9thik &amp; Co","description":"Ethik & Co est un entreprise remplie de valeurs. Venez en apprendre plus sur nous afin de comprendre au mieux notre m\u00e9thode de travail !","robots":{"index":"index","follow":"follow","max-snippet":"max-snippet:-1","max-image-preview":"max-image-preview:large","max-video-preview":"max-video-preview:-1"},"canonical":"https:\/\/ethik-et-co.alsace\/?page_id=26","og_locale":"fr_FR","og_type":"article","og_title":"Mes valeurs - \u00c9thik &amp; Co","og_description":"Ethik & Co est un entreprise remplie de valeurs. Venez en apprendre plus sur nous afin de comprendre au mieux notre m\u00e9thode de travail !","og_url":"https:\/\/ethik-et-co.alsace\/?page_id=26","og_site_name":"\u00c9thik &amp; Co","article_modified_time":"2024-12-23T15:41:44+00:00","og_image":[{"url":"http:\/\/ethik-et-co.alsace\/wp-content\/uploads\/2023\/09\/cropped-cropped-EC_new_logo4.png","type":"","width":"","height":""}],"twitter_card":"summary_large_image","twitter_misc":{"Dur\u00e9e de lecture estim\u00e9e":"4 minutes"},"schema":{"@context":"https:\/\/schema.org","@graph":[{"@type":"WebPage","@id":"https:\/\/ethik-et-co.alsace\/?page_id=26","url":"https:\/\/ethik-et-co.alsace\/?page_id=26","name":"Mes valeurs - \u00c9thik &amp; Co","isPartOf":{"@id":"https:\/\/ethik-et-co.alsace\/#website"},"primaryImageOfPage":{"@id":"https:\/\/ethik-et-co.alsace\/?page_id=26#primaryimage"},"image":{"@id":"https:\/\/ethik-et-co.alsace\/?page_id=26#primaryimage"},"thumbnailUrl":"http:\/\/ethik-et-co.alsace\/wp-content\/uploads\/2023\/09\/cropped-cropped-EC_new_logo4.png","datePublished":"2023-09-27T15:00:47+00:00","dateModified":"2024-12-23T15:41:44+00:00","description":"Ethik & Co est un entreprise remplie de valeurs. Venez en apprendre plus sur nous afin de comprendre au mieux notre m\u00e9thode de travail !","breadcrumb":{"@id":"https:\/\/ethik-et-co.alsace\/?page_id=26#breadcrumb"},"inLanguage":"fr-FR","potentialAction":[{"@type":"ReadAction","target":["https:\/\/ethik-et-co.alsace\/?page_id=26"]}]},{"@type":"ImageObject","inLanguage":"fr-FR","@id":"https:\/\/ethik-et-co.alsace\/?page_id=26#primaryimage","url":"http:\/\/ethik-et-co.alsace\/wp-content\/uploads\/2023\/09\/cropped-cropped-EC_new_logo4.png","contentUrl":"http:\/\/ethik-et-co.alsace\/wp-content\/uploads\/2023\/09\/cropped-cropped-EC_new_logo4.png"},{"@type":"BreadcrumbList","@id":"https:\/\/ethik-et-co.alsace\/?page_id=26#breadcrumb","itemListElement":[{"@type":"ListItem","position":1,"name":"Accueil","item":"https:\/\/ethik-et-co.alsace\/"},{"@type":"ListItem","position":2,"name":"Mes valeurs"}]},{"@type":"WebSite","@id":"https:\/\/ethik-et-co.alsace\/#website","url":"https:\/\/ethik-et-co.alsace\/","name":"\u00c9thik & Co","description":"","publisher":{"@id":"https:\/\/ethik-et-co.alsace\/#\/schema\/person\/b17363363e5c6d5b303bdab9404f9ccc"},"alternateName":"Fr\u00e9d\u00e9ric WOEHREL","potentialAction":[{"@type":"SearchAction","target":{"@type":"EntryPoint","urlTemplate":"https:\/\/ethik-et-co.alsace\/?s={search_term_string}"},"query-input":{"@type":"PropertyValueSpecification","valueRequired":true,"valueName":"search_term_string"}}],"inLanguage":"fr-FR"},{"@type":["Person","Organization"],"@id":"https:\/\/ethik-et-co.alsace\/#\/schema\/person\/b17363363e5c6d5b303bdab9404f9ccc","name":"Fr\u00e9d\u00e9ric WOEHREL","image":{"@type":"ImageObject","inLanguage":"fr-FR","@id":"https:\/\/ethik-et-co.alsace\/wp-content\/uploads\/2023\/09\/cropped-cropped-EC_new_logo4.png","url":"https:\/\/ethik-et-co.alsace\/wp-content\/uploads\/2023\/09\/cropped-cropped-EC_new_logo4.png","contentUrl":"https:\/\/ethik-et-co.alsace\/wp-content\/uploads\/2023\/09\/cropped-cropped-EC_new_logo4.png","width":245,"height":250,"caption":"Fr\u00e9d\u00e9ric WOEHREL"},"logo":{"@id":"https:\/\/ethik-et-co.alsace\/wp-content\/uploads\/2023\/09\/cropped-cropped-EC_new_logo4.png"},"sameAs":["http:\/\/ethik-et-co.alsace"]}]}},"_links":{"self":[{"href":"https:\/\/ethik-et-co.alsace\/index.php?rest_route=\/wp\/v2\/pages\/26","targetHints":{"allow":["GET"]}}],"collection":[{"href":"https:\/\/ethik-et-co.alsace\/index.php?rest_route=\/wp\/v2\/pages"}],"about":[{"href":"https:\/\/ethik-et-co.alsace\/index.php?rest_route=\/wp\/v2\/types\/page"}],"author":[{"embeddable":true,"href":"https:\/\/ethik-et-co.alsace\/index.php?rest_route=\/wp\/v2\/users\/1"}],"replies":[{"embeddable":true,"href":"https:\/\/ethik-et-co.alsace\/index.php?rest_route=%2Fwp%2Fv2%2Fcomments&post=26"}],"version-history":[{"count":118,"href":"https:\/\/ethik-et-co.alsace\/index.php?rest_route=\/wp\/v2\/pages\/26\/revisions"}],"predecessor-version":[{"id":702,"href":"https:\/\/ethik-et-co.alsace\/index.php?rest_route=\/wp\/v2\/pages\/26\/revisions\/702"}],"wp:attachment":[{"href":"https:\/\/ethik-et-co.alsace\/index.php?rest_route=%2Fwp%2Fv2%2Fmedia&parent=26"}],"curies":[{"name":"wp","href":"https:\/\/api.w.org\/{rel}","templated":true}]}}